{"id":2704,"date":"2021-10-28T08:29:35","date_gmt":"2021-10-28T08:29:35","guid":{"rendered":"https:\/\/root-of-change.com\/blog\/"},"modified":"2023-08-07T09:13:34","modified_gmt":"2023-08-07T09:13:34","slug":"blog","status":"publish","type":"page","link":"https:\/\/root-of-change.com\/de\/blog\/","title":{"rendered":"Blog"},"content":{"rendered":"<p><div class=\"fusion-fullwidth fullwidth-box fusion-builder-row-1 fusion-flex-container has-pattern-background has-mask-background fusion-parallax-none nonhundred-percent-fullwidth non-hundred-percent-height-scrolling lazyload\" style=\"--awb-background-position:center top;--awb-border-radius-top-left:0px;--awb-border-radius-top-right:0px;--awb-border-radius-bottom-right:0px;--awb-border-radius-bottom-left:0px;--awb-padding-top:18%;--awb-padding-bottom:12%;--awb-background-image:linear-gradient(0deg, var(--awb-color7) 0%,hsla(var(--awb-color8-h),var(--awb-color8-s),calc( var(--awb-color8-l) - 20% ),calc( var(--awb-color8-a) - 55% )) 100%);;--awb-background-size:cover;--awb-flex-wrap:wrap;\" data-bg=\"https:\/\/root-of-change.com\/wp-content\/uploads\/2022\/12\/news-root-of-change.jpg\" data-bg-gradient=\"linear-gradient(0deg, var(--awb-color7) 0%,hsla(var(--awb-color8-h),var(--awb-color8-s),calc( var(--awb-color8-l) - 20% ),calc( var(--awb-color8-a) - 55% )) 100%)\" ><div class=\"fusion-builder-row fusion-row fusion-flex-align-items-flex-start fusion-flex-content-wrap\" style=\"max-width:calc( 1200px + 0px );margin-left: calc(-0px \/ 2 );margin-right: calc(-0px \/ 2 );\"><div class=\"fusion-layout-column fusion_builder_column fusion-builder-column-0 fusion_builder_column_1_1 1_1 fusion-flex-column fusion-animated\" style=\"--awb-bg-position:center center;--awb-bg-size:cover;--awb-width-large:100%;--awb-margin-top-large:0px;--awb-spacing-right-large:0px;--awb-margin-bottom-large:20px;--awb-spacing-left-large:0px;--awb-width-medium:100%;--awb-spacing-right-medium:0px;--awb-spacing-left-medium:0px;--awb-width-small:100%;--awb-spacing-right-small:0px;--awb-spacing-left-small:0px;\" data-animationType=\"fadeInUp\" data-animationDuration=\"1.0\" data-animationOffset=\"top-into-view\"><div class=\"fusion-column-wrapper fusion-column-has-shadow fusion-flex-justify-content-flex-start fusion-content-layout-column\"><div class=\"fusion-title title fusion-title-1 fusion-sep-none fusion-title-center fusion-title-text fusion-title-size-one\" style=\"--awb-margin-bottom:0px;--awb-margin-bottom-small:0px;\"><h1 class=\"fusion-title-heading title-heading-center\" style=\"margin:0;line-height:1em;\">Neuigkeiten &amp; Artikel<\/h1><\/div><\/div><\/div><\/div><\/div><div class=\"fusion-fullwidth fullwidth-box fusion-builder-row-2 fusion-flex-container hundred-percent-fullwidth non-hundred-percent-height-scrolling\" style=\"--awb-border-radius-top-left:0px;--awb-border-radius-top-right:0px;--awb-border-radius-bottom-right:0px;--awb-border-radius-bottom-left:0px;--awb-padding-right:0px;--awb-padding-bottom:0px;--awb-padding-left:0px;--awb-flex-wrap:wrap;\" ><div class=\"fusion-builder-row fusion-row fusion-flex-align-items-flex-start fusion-flex-content-wrap\" style=\"width:104% !important;max-width:104% !important;margin-left: calc(-4% \/ 2 );margin-right: calc(-4% \/ 2 );\"><div class=\"fusion-layout-column fusion_builder_column fusion-builder-column-1 fusion_builder_column_2_3 2_3 fusion-flex-column fusion-animated\" style=\"--awb-padding-top:6%;--awb-padding-right:6%;--awb-padding-bottom:6%;--awb-padding-left:6%;--awb-bg-size:cover;--awb-width-large:66.666666666667%;--awb-margin-top-large:0px;--awb-spacing-right-large:0px;--awb-margin-bottom-large:20px;--awb-spacing-left-large:2.88%;--awb-width-medium:66.666666666667%;--awb-spacing-right-medium:0px;--awb-spacing-left-medium:2.88%;--awb-width-small:100%;--awb-spacing-right-small:1.92%;--awb-spacing-left-small:1.92%;\" data-animationType=\"fadeInLeft\" data-animationDuration=\"1.0\" data-animationOffset=\"top-into-view\"><div class=\"fusion-column-wrapper fusion-column-has-shadow fusion-flex-justify-content-flex-start fusion-content-layout-column\"><div class=\"fusion-blog-shortcode fusion-blog-shortcode-1 fusion-blog-archive fusion-blog-layout-grid-wrapper fusion-blog-no\" style=\"--awb-title-font-size:28px;\"><style type=\"text\/css\">.fusion-blog-shortcode-1 .fusion-blog-layout-grid .fusion-post-grid{padding:20px;}.fusion-blog-shortcode-1 .fusion-posts-container{margin-left: -20px !important; margin-right:-20px !important;}<\/style><div class=\"fusion-posts-container fusion-posts-container-no fusion-blog-rollover fusion-blog-layout-grid fusion-blog-layout-grid-2 isotope fusion-blog-equal-heights\" data-pages=\"1\" data-grid-col-space=\"40\" style=\"margin: -20px -20px 0;min-height:500px;\"><article id=\"blog-1-post-2707\" class=\"fusion-post-grid post-2707 post type-post status-publish format-standard has-post-thumbnail hentry category-root-clean-slate-de tag-root-clean-slate-de tag-root-wellnes-clean-slate-de\">\n<div class=\"fusion-post-wrapper\" style=\"background-color:rgba(255,255,255,0);border:1px solid var(--awb-color2);border-bottom-width:3px;\">\n\n\t\t\t<div class=\"fusion-flexslider flexslider fusion-flexslider-loading fusion-post-slideshow\" style=\"border-color:var(--awb-color2);\">\n\t\t<ul class=\"slides\">\n\t\t\t\n\t\t\t\t\t\t\t\t\t\t\t\t\t\t<li><div  class=\"fusion-image-wrapper\" aria-haspopup=\"true\">\n\t\t\t\t<img decoding=\"async\" width=\"1171\" height=\"539\" src=\"https:\/\/root-of-change.com\/wp-content\/uploads\/2023\/05\/Root-Clean-Slate.jpg\" class=\"attachment-full size-full lazyload wp-post-image\" alt=\"\" srcset=\"data:image\/svg+xml,%3Csvg%20xmlns%3D%27http%3A%2F%2Fwww.w3.org%2F2000%2Fsvg%27%20width%3D%271171%27%20height%3D%27539%27%20viewBox%3D%270%200%201171%20539%27%3E%3Crect%20width%3D%271171%27%20height%3D%27539%27%20fill-opacity%3D%220%22%2F%3E%3C%2Fsvg%3E\" data-orig-src=\"https:\/\/root-of-change.com\/wp-content\/uploads\/2023\/05\/Root-Clean-Slate.jpg\" data-srcset=\"https:\/\/root-of-change.com\/wp-content\/uploads\/2023\/05\/Root-Clean-Slate-200x92.jpg 200w, https:\/\/root-of-change.com\/wp-content\/uploads\/2023\/05\/Root-Clean-Slate-400x184.jpg 400w, https:\/\/root-of-change.com\/wp-content\/uploads\/2023\/05\/Root-Clean-Slate-600x276.jpg 600w, https:\/\/root-of-change.com\/wp-content\/uploads\/2023\/05\/Root-Clean-Slate-800x368.jpg 800w, https:\/\/root-of-change.com\/wp-content\/uploads\/2023\/05\/Root-Clean-Slate.jpg 1171w\" data-sizes=\"auto\" \/><div class=\"fusion-rollover\">\n\t<div class=\"fusion-rollover-content\">\n\n\t\t\t\t\t\t\t\t\t\t\t\t\t\t<a class=\"fusion-rollover-link\" href=\"https:\/\/root-of-change.com\/de\/clean-slate-root\/\">Clean Slate Tropfen<\/a>\n\t\t\t\n\t\t\t\t\t\t\t\t\t\t\t\t\t\t\n\t\t\t\t\t\t\t\t\n\t\t\t\t\t\t\t\t\t\t\t\t\t<div class=\"fusion-rollover-sep\"><\/div>\n\t\t\t\t\n\t\t\t\t\t\t\t\t\t\t\t\t\t\t\t\t\t\t<a class=\"fusion-rollover-gallery\" href=\"https:\/\/root-of-change.com\/wp-content\/uploads\/2023\/05\/Root-Clean-Slate.jpg\" data-id=\"2707\" data-rel=\"iLightbox[gallery]\" data-title=\"Root Clean Slate\" data-caption=\"\">\n\t\t\t\t\t\tGallery\t\t\t\t\t<\/a>\n\t\t\t\t\t\t\t\t\t\t\t\t\t\t\n\t\t\n\t\t\t\t\t\t\t\t\t\t\t\t<h4 class=\"fusion-rollover-title\">\n\t\t\t\t\t<a class=\"fusion-rollover-title-link\" href=\"https:\/\/root-of-change.com\/de\/clean-slate-root\/\">\n\t\t\t\t\t\tClean Slate Tropfen\t\t\t\t\t<\/a>\n\t\t\t\t<\/h4>\n\t\t\t\n\t\t\t\t\t\t\t\t\t\t<div class=\"fusion-rollover-categories\"><a href=\"https:\/\/root-of-change.com\/de\/category\/root-clean-slate-de\/\" rel=\"tag\">Root Clean Slate<\/a><\/div>\t\t\t\t\t\n\t\t\n\t\t\t\t\t\t<a class=\"fusion-link-wrapper\" href=\"https:\/\/root-of-change.com\/de\/clean-slate-root\/\" aria-label=\"Clean Slate Tropfen\"><\/a>\n\t<\/div>\n<\/div>\n<\/div>\n<\/li>\n\t\t\t\n\t\t\t\n\t\t\t\t\t\t\t\t\t\t\t\t\t\t\t\t\t\t\t\t\t\t\t\t\t\t\t\t\t\t\t\t\t\t\t\t\t\t\t\t\t\t\t\t\t\t\t\t\t\t\t\t\t\t\t\t\t\t\t\t\t\t\t\t\t\t\t\t<\/ul>\n\t<\/div>\n\t<div class=\"fusion-post-content-wrapper\" style=\"padding:30px 25px 25px 25px;\"><div class=\"fusion-post-content post-content\"><h1 class=\"blog-shortcode-post-title entry-title\"><a href=\"https:\/\/root-of-change.com\/de\/clean-slate-root\/\">Clean Slate Tropfen<\/a><\/h1><p class=\"fusion-single-line-meta\"><span class=\"vcard\" style=\"display: none;\"><span class=\"fn\"><a href=\"https:\/\/root-of-change.com\/de\/author\/rootofchange\/\" title=\"Beitr\u00e4ge von rootofchange\" rel=\"author\">rootofchange<\/a><\/span><\/span><span class=\"updated\" style=\"display:none;\">2024-01-30T09:59:41+00:00<\/span><span class=\"meta-tags\">Tags: <a href=\"https:\/\/root-of-change.com\/de\/tag\/root-clean-slate-de\/\" rel=\"tag\">Root Clean Slate<\/a>, <a href=\"https:\/\/root-of-change.com\/de\/tag\/root-wellnes-clean-slate-de\/\" rel=\"tag\">Root Wellnes Clean Slate<\/a><\/span><span class=\"fusion-inline-sep\">|<\/span><\/p><div class=\"fusion-content-sep sep-double sep-solid\"><\/div><div class=\"fusion-post-content-container\"><p>          Share Post    Entgiften Sie Ihren K\u00f6rper und erreichen Sie optimales Wohlbefinden  In unserem modernen Leben werden wir st\u00e4ndig mit Schadstoffen und Giftstoffen aus der Umwelt, verarbeiteten Lebensmitteln und sogar Stress bombardiert. Diese Faktoren k\u00f6nnen unser allgemeines Wohlbefinden beeintr\u00e4chtigen und die nat\u00fcrlichen Entgiftungsprozesse unseres K\u00f6rpers behindern. Es gibt jedoch Hoffnung in [...]<\/p><\/div><\/div><div class=\"fusion-meta-info\"><div class=\"fusion-alignleft\"><a class=\"fusion-read-more\" href=\"https:\/\/root-of-change.com\/de\/clean-slate-root\/\" aria-label=\"More on Clean Slate Tropfen\">Read More<\/a><\/div><\/div><\/div><div class=\"fusion-clearfix\"><\/div><\/div>\n<\/article>\n<div class=\"fusion-clearfix\"><\/div><\/div><\/div><\/div><\/div><div class=\"fusion-layout-column fusion_builder_column fusion-builder-column-2 awb-sticky awb-sticky-small awb-sticky-medium awb-sticky-large fusion_builder_column_1_5 1_5 fusion-flex-column fusion-column-inner-bg-wrapper fusion-animated\" style=\"--awb-inner-bg-color:rgba(170,170,170,0.2);--awb-inner-bg-color-hover:rgba(170,170,170,0.2);--awb-inner-bg-size:cover;--awb-width-large:20%;--awb-margin-top-large:20px;--awb-spacing-right-large:9.6%;--awb-margin-bottom-large:20px;--awb-spacing-left-large:9.6%;--awb-width-medium:20%;--awb-order-medium:0;--awb-spacing-right-medium:9.6%;--awb-spacing-left-medium:9.6%;--awb-width-small:100%;--awb-order-small:0;--awb-spacing-right-small:1.92%;--awb-spacing-left-small:1.92%;\" data-animationType=\"fadeInRight\" data-animationDuration=\"1.0\" data-animationOffset=\"top-into-view\" data-motion-effects=\"[{&quot;type&quot;:&quot;&quot;,&quot;scroll_type&quot;:&quot;transition&quot;,&quot;scroll_direction&quot;:&quot;up&quot;,&quot;transition_speed&quot;:&quot;1&quot;,&quot;fade_type&quot;:&quot;in&quot;,&quot;scale_type&quot;:&quot;up&quot;,&quot;initial_scale&quot;:&quot;1&quot;,&quot;max_scale&quot;:&quot;1.5&quot;,&quot;min_scale&quot;:&quot;0.5&quot;,&quot;initial_rotate&quot;:&quot;0&quot;,&quot;end_rotate&quot;:&quot;30&quot;,&quot;initial_blur&quot;:&quot;0&quot;,&quot;end_blur&quot;:&quot;3&quot;,&quot;start_element&quot;:&quot;top&quot;,&quot;start_viewport&quot;:&quot;bottom&quot;,&quot;end_element&quot;:&quot;bottom&quot;,&quot;end_viewport&quot;:&quot;top&quot;,&quot;mouse_effect&quot;:&quot;track&quot;,&quot;mouse_effect_direction&quot;:&quot;opposite&quot;,&quot;mouse_effect_speed&quot;:&quot;2&quot;,&quot;infinite_animation&quot;:&quot;float&quot;,&quot;infinite_animation_speed&quot;:&quot;2&quot;}]\" data-scroll-devices=\"small-visibility,medium-visibility,large-visibility\"><span class=\"fusion-column-inner-bg hover-type-none\"><a class=\"fusion-column-anchor\" href=\"https:\/\/therootbrands.com\/product\/clean-slate\/planet5\"><span class=\"fusion-column-inner-bg-image lazyload\" data-bg=\"https:\/\/root-of-change.com\/wp-content\/uploads\/2024\/02\/1.jpg\"><\/span><\/a><\/span><div class=\"fusion-column-wrapper fusion-column-has-shadow fusion-flex-justify-content-flex-start fusion-content-layout-column fusion-empty-column-bg-image fusion-column-has-bg-image\" data-bg-url=\"https:\/\/root-of-change.com\/wp-content\/uploads\/2024\/02\/1.jpg\"><img decoding=\"async\" class=\"fusion-empty-dims-img-placeholder\" src=\"data:image\/svg+xml,%3Csvg%20xmlns%3D%27http%3A%2F%2Fwww.w3.org%2F2000%2Fsvg%27%20width%3D%271000%27%20height%3D%271500%27%20viewBox%3D%270%200%201000%201500%27%3E%3Crect%20width%3D%271000%27%20height%3D%271500%27%20fill-opacity%3D%220%22%2F%3E%3C%2Fsvg%3E\"><\/div><\/div>\n<\/div><\/div><\/p>\n","protected":false},"excerpt":{"rendered":"","protected":false},"author":1,"featured_media":0,"parent":0,"menu_order":0,"comment_status":"closed","ping_status":"closed","template":"100-width.php","meta":{"footnotes":""},"class_list":["post-2704","page","type-page","status-publish","hentry"],"yoast_head":"<!-- This site is optimized with the Yoast SEO plugin v22.9 - https:\/\/yoast.com\/wordpress\/plugins\/seo\/ -->\n<title>Neuigkeiten &amp; Artikel - Root of Change<\/title>\n<meta name=\"description\" content=\"Tipps, Ideen und Geschenke f\u00fcr ein gesundes Leben!\" \/>\n<meta name=\"robots\" content=\"index, follow, max-snippet:-1, max-image-preview:large, max-video-preview:-1\" \/>\n<link rel=\"canonical\" href=\"https:\/\/root-of-change.com\/de\/blog\/\" \/>\n<meta property=\"og:locale\" content=\"de_DE\" \/>\n<meta property=\"og:type\" content=\"article\" \/>\n<meta property=\"og:title\" content=\"Neuigkeiten &amp; Artikel - Root of Change\" \/>\n<meta property=\"og:description\" content=\"Tipps, Ideen und Geschenke f\u00fcr ein gesundes Leben!\" \/>\n<meta property=\"og:url\" content=\"https:\/\/root-of-change.com\/de\/blog\/\" \/>\n<meta property=\"og:site_name\" content=\"Root of Change\" \/>\n<meta property=\"article:modified_time\" content=\"2023-08-07T09:13:34+00:00\" \/>\n<meta name=\"twitter:card\" content=\"summary_large_image\" \/>\n<meta name=\"twitter:label1\" content=\"Gesch\u00e4tzte Lesezeit\" \/>\n\t<meta name=\"twitter:data1\" content=\"5\u00a0Minuten\" \/>\n<script type=\"application\/ld+json\" class=\"yoast-schema-graph\">{\"@context\":\"https:\/\/schema.org\",\"@graph\":[{\"@type\":\"WebPage\",\"@id\":\"https:\/\/root-of-change.com\/de\/blog\/\",\"url\":\"https:\/\/root-of-change.com\/de\/blog\/\",\"name\":\"Neuigkeiten & Artikel - Root of Change\",\"isPartOf\":{\"@id\":\"https:\/\/root-of-change.com\/de\/#website\"},\"datePublished\":\"2021-10-28T08:29:35+00:00\",\"dateModified\":\"2023-08-07T09:13:34+00:00\",\"description\":\"Tipps, Ideen und Geschenke f\u00fcr ein gesundes Leben!\",\"inLanguage\":\"de\",\"potentialAction\":[{\"@type\":\"ReadAction\",\"target\":[\"https:\/\/root-of-change.com\/de\/blog\/\"]}]},{\"@type\":\"WebSite\",\"@id\":\"https:\/\/root-of-change.com\/de\/#website\",\"url\":\"https:\/\/root-of-change.com\/de\/\",\"name\":\"Root of Change\",\"description\":\"Holistc approach to health &amp; wellness\",\"potentialAction\":[{\"@type\":\"SearchAction\",\"target\":{\"@type\":\"EntryPoint\",\"urlTemplate\":\"https:\/\/root-of-change.com\/de\/?s={search_term_string}\"},\"query-input\":\"required name=search_term_string\"}],\"inLanguage\":\"de\"}]}<\/script>\n<!-- \/ Yoast SEO plugin. -->","yoast_head_json":{"title":"Neuigkeiten & Artikel - Root of Change","description":"Tipps, Ideen und Geschenke f\u00fcr ein gesundes Leben!","robots":{"index":"index","follow":"follow","max-snippet":"max-snippet:-1","max-image-preview":"max-image-preview:large","max-video-preview":"max-video-preview:-1"},"canonical":"https:\/\/root-of-change.com\/de\/blog\/","og_locale":"de_DE","og_type":"article","og_title":"Neuigkeiten & Artikel - Root of Change","og_description":"Tipps, Ideen und Geschenke f\u00fcr ein gesundes Leben!","og_url":"https:\/\/root-of-change.com\/de\/blog\/","og_site_name":"Root of Change","article_modified_time":"2023-08-07T09:13:34+00:00","twitter_card":"summary_large_image","twitter_misc":{"Gesch\u00e4tzte Lesezeit":"5\u00a0Minuten"},"schema":{"@context":"https:\/\/schema.org","@graph":[{"@type":"WebPage","@id":"https:\/\/root-of-change.com\/de\/blog\/","url":"https:\/\/root-of-change.com\/de\/blog\/","name":"Neuigkeiten & Artikel - Root of Change","isPartOf":{"@id":"https:\/\/root-of-change.com\/de\/#website"},"datePublished":"2021-10-28T08:29:35+00:00","dateModified":"2023-08-07T09:13:34+00:00","description":"Tipps, Ideen und Geschenke f\u00fcr ein gesundes Leben!","inLanguage":"de","potentialAction":[{"@type":"ReadAction","target":["https:\/\/root-of-change.com\/de\/blog\/"]}]},{"@type":"WebSite","@id":"https:\/\/root-of-change.com\/de\/#website","url":"https:\/\/root-of-change.com\/de\/","name":"Root of Change","description":"Holistc approach to health &amp; wellness","potentialAction":[{"@type":"SearchAction","target":{"@type":"EntryPoint","urlTemplate":"https:\/\/root-of-change.com\/de\/?s={search_term_string}"},"query-input":"required name=search_term_string"}],"inLanguage":"de"}]}},"_links":{"self":[{"href":"https:\/\/root-of-change.com\/de\/wp-json\/wp\/v2\/pages\/2704","targetHints":{"allow":["GET"]}}],"collection":[{"href":"https:\/\/root-of-change.com\/de\/wp-json\/wp\/v2\/pages"}],"about":[{"href":"https:\/\/root-of-change.com\/de\/wp-json\/wp\/v2\/types\/page"}],"author":[{"embeddable":true,"href":"https:\/\/root-of-change.com\/de\/wp-json\/wp\/v2\/users\/1"}],"replies":[{"embeddable":true,"href":"https:\/\/root-of-change.com\/de\/wp-json\/wp\/v2\/comments?post=2704"}],"version-history":[{"count":2,"href":"https:\/\/root-of-change.com\/de\/wp-json\/wp\/v2\/pages\/2704\/revisions"}],"predecessor-version":[{"id":2706,"href":"https:\/\/root-of-change.com\/de\/wp-json\/wp\/v2\/pages\/2704\/revisions\/2706"}],"wp:attachment":[{"href":"https:\/\/root-of-change.com\/de\/wp-json\/wp\/v2\/media?parent=2704"}],"curies":[{"name":"wp","href":"https:\/\/api.w.org\/{rel}","templated":true}]}}